{"id":18,"date":"2024-11-02T20:39:39","date_gmt":"2024-11-02T20:39:39","guid":{"rendered":"https:\/\/fyziovanova.cz\/?page_id=18"},"modified":"2025-04-27T13:38:54","modified_gmt":"2025-04-27T13:38:54","slug":"uvod","status":"publish","type":"page","link":"https:\/\/fyziovanova.cz\/","title":{"rendered":"\u00davod"},"content":{"rendered":"\t\t<div data-elementor-type=\"wp-page\" data-elementor-id=\"18\" class=\"elementor elementor-18\">\n\t\t\t\t<div class=\"elementor-element elementor-element-509f77e e-con-full e-flex e-con e-parent\" data-id=\"509f77e\" data-element_type=\"container\" data-e-type=\"container\">\n\t\t<div class=\"elementor-element elementor-element-1707491 e-con-full e-flex e-con e-child\" data-id=\"1707491\" data-element_type=\"container\" data-e-type=\"container\">\n\t\t\t\t<div class=\"elementor-element elementor-element-8e9a958 elementor-widget elementor-widget-image\" data-id=\"8e9a958\" data-element_type=\"widget\" data-e-type=\"widget\" data-widget_type=\"image.default\">\n\t\t\t\t<div class=\"elementor-widget-container\">\n\t\t\t\t\t\t\t\t\t\t\t\t\t\t\t<img fetchpriority=\"high\" decoding=\"async\" width=\"2560\" height=\"965\" src=\"https:\/\/fyziovanova.cz\/wp-content\/uploads\/2024\/11\/close-up-physiotherapist-helping-patient-with-pain1-scaled.jpg\" class=\"attachment-full size-full wp-image-53\" alt=\"\" srcset=\"https:\/\/fyziovanova.cz\/wp-content\/uploads\/2024\/11\/close-up-physiotherapist-helping-patient-with-pain1-scaled.jpg 2560w, https:\/\/fyziovanova.cz\/wp-content\/uploads\/2024\/11\/close-up-physiotherapist-helping-patient-with-pain1-300x113.jpg 300w, https:\/\/fyziovanova.cz\/wp-content\/uploads\/2024\/11\/close-up-physiotherapist-helping-patient-with-pain1-1024x386.jpg 1024w, https:\/\/fyziovanova.cz\/wp-content\/uploads\/2024\/11\/close-up-physiotherapist-helping-patient-with-pain1-768x289.jpg 768w, https:\/\/fyziovanova.cz\/wp-content\/uploads\/2024\/11\/close-up-physiotherapist-helping-patient-with-pain1-1536x579.jpg 1536w, https:\/\/fyziovanova.cz\/wp-content\/uploads\/2024\/11\/close-up-physiotherapist-helping-patient-with-pain1-2048x772.jpg 2048w\" sizes=\"(max-width: 2560px) 100vw, 2560px\" \/>\t\t\t\t\t\t\t\t\t\t\t\t\t\t\t<\/div>\n\t\t\t\t<\/div>\n\t\t\t\t<\/div>\n\t\t\t\t<\/div>\n\t\t<div class=\"elementor-element elementor-element-6f56848 e-flex e-con-boxed e-con e-parent\" data-id=\"6f56848\" data-element_type=\"container\" data-e-type=\"container\">\n\t\t\t\t\t<div class=\"e-con-inner\">\n\t\t<div class=\"elementor-element elementor-element-93a1efc e-con-full e-flex e-con e-child\" data-id=\"93a1efc\" data-element_type=\"container\" data-e-type=\"container\">\n\t\t\t\t<div class=\"elementor-element elementor-element-ea6dbe0 elementor-widget elementor-widget-text-editor\" data-id=\"ea6dbe0\" data-element_type=\"widget\" data-e-type=\"widget\" data-widget_type=\"text-editor.default\">\n\t\t\t\t<div class=\"elementor-widget-container\">\n\t\t\t\t\t\t\t\t\t<p style=\"font-size: 16px; font-style: normal; font-weight: 400;\"><span style=\"font-weight: bold;\">V\u00edtejte na str\u00e1nk\u00e1ch Mgr. Petry V\u00e1\u0148ov\u00e9, fyzioterapeutky<\/span><\/p><p style=\"font-size: 16px; font-style: normal; font-weight: 400;\">Jsem zde pro v\u0161echny, kdo hledaj\u00ed profesion\u00e1ln\u00ed p\u0159\u00edstup, odbornou p\u00e9\u010di a \u0159e\u0161en\u00ed obt\u00ed\u017e\u00ed spojen\u00fdch s pohybov\u00fdm apar\u00e1tem. M\u00e9 vzd\u011bl\u00e1n\u00ed a dlouholet\u00e9 zku\u0161enosti v oboru mi umo\u017e\u0148uj\u00ed nab\u00edzet individu\u00e1ln\u00ed terapie a p\u00e9\u010di \u0161itou na m\u00edru p\u0159esn\u011b podle pot\u0159eb ka\u017ed\u00e9ho klienta.<\/p><p style=\"font-size: 16px; font-style: normal; font-weight: 400;\">V r\u00e1mci m\u00fdch slu\u017eeb se specializuji na fyzioterapii, manu\u00e1ln\u00ed lymfodren\u00e1\u017ee, relaxa\u010dn\u00ed techniky a podologick\u00e9 vy\u0161et\u0159en\u00ed nohou, a to pro d\u011bti i dosp\u011bl\u00e9. V\u011b\u0159\u00edm, \u017ee kl\u00ed\u010dem k \u00fasp\u011bchu je d\u016fkladn\u00e1 diagnostika a pe\u010dliv\u00e1 pr\u00e1ce s klientem.<\/p><p style=\"font-size: 16px; font-style: normal; font-weight: 400;\">T\u011b\u0161\u00edm se na spole\u010dnou cestu k va\u0161emu zdrav\u00ed a pohod\u011b!<\/p>\t\t\t\t\t\t\t\t<\/div>\n\t\t\t\t<\/div>\n\t\t\t\t<\/div>\n\t\t<div class=\"elementor-element elementor-element-ed29fe2 e-con-full e-flex e-con e-child\" data-id=\"ed29fe2\" data-element_type=\"container\" data-e-type=\"container\">\n\t\t\t\t<div class=\"elementor-element elementor-element-db920dc elementor-widget elementor-widget-button\" data-id=\"db920dc\" data-element_type=\"widget\" data-e-type=\"widget\" data-widget_type=\"button.default\">\n\t\t\t\t<div class=\"elementor-widget-container\">\n\t\t\t\t\t\t\t\t\t<div class=\"elementor-button-wrapper\">\n\t\t\t\t\t<a class=\"elementor-button elementor-button-link elementor-size-sm\" href=\"https:\/\/www.sumupbookings.com\/mgr-petra-vanova\">\n\t\t\t\t\t\t<span class=\"elementor-button-content-wrapper\">\n\t\t\t\t\t\t\t\t\t<span class=\"elementor-button-text\">Objednat se<\/span>\n\t\t\t\t\t<\/span>\n\t\t\t\t\t<\/a>\n\t\t\t\t<\/div>\n\t\t\t\t\t\t\t\t<\/div>\n\t\t\t\t<\/div>\n\t\t\t\t<\/div>\n\t\t\t\t\t<\/div>\n\t\t\t\t<\/div>\n\t\t\t\t<\/div>\n\t\t","protected":false},"excerpt":{"rendered":"<p>V\u00edtejte na str\u00e1nk\u00e1ch Mgr. Petry V\u00e1\u0148ov\u00e9, fyzioterapeutky Jsem zde pro v\u0161echny, kdo hledaj\u00ed profesion\u00e1ln\u00ed p\u0159\u00edstup, odbornou p\u00e9\u010di a \u0159e\u0161en\u00ed obt\u00ed\u017e\u00ed [&hellip;]<\/p>\n","protected":false},"author":1,"featured_media":0,"parent":0,"menu_order":0,"comment_status":"closed","ping_status":"closed","template":"","meta":{"om_disable_all_campaigns":false,"_monsterinsights_skip_tracking":false,"_monsterinsights_sitenote_active":false,"_monsterinsights_sitenote_note":"","_monsterinsights_sitenote_category":0,"site-sidebar-layout":"no-sidebar","site-content-layout":"","ast-site-content-layout":"full-width-container","site-content-style":"default","site-sidebar-style":"default","ast-global-header-display":"","ast-banner-title-visibility":"","ast-main-header-display":"","ast-hfb-above-header-display":"","ast-hfb-below-header-display":"","ast-hfb-mobile-header-display":"","site-post-title":"disabled","ast-breadcrumbs-content":"","ast-featured-img":"disabled","footer-sml-layout":"","ast-disable-related-posts":"","theme-transparent-header-meta":"","adv-header-id-meta":"","stick-header-meta":"","header-above-stick-meta":"","header-main-stick-meta":"","header-below-stick-meta":"","astra-migrate-meta-layouts":"default","ast-page-background-enabled":"default","ast-page-background-meta":{"desktop":{"background-color":"var(--ast-global-color-4)","background-image":"","background-repeat":"repeat","background-position":"center center","background-size":"auto","background-attachment":"scroll","background-type":"","background-media":"","overlay-type":"","overlay-color":"","overlay-opacity":"","overlay-gradient":""},"tablet":{"background-color":"","background-image":"","background-repeat":"repeat","background-position":"center center","background-size":"auto","background-attachment":"scroll","background-type":"","background-media":"","overlay-type":"","overlay-color":"","overlay-opacity":"","overlay-gradient":""},"mobile":{"background-color":"","background-image":"","background-repeat":"repeat","background-position":"center center","background-size":"auto","background-attachment":"scroll","background-type":"","background-media":"","overlay-type":"","overlay-color":"","overlay-opacity":"","overlay-gradient":""}},"ast-content-background-meta":{"desktop":{"background-color":"var(--ast-global-color-5)","background-image":"","background-repeat":"repeat","background-position":"center center","background-size":"auto","background-attachment":"scroll","background-type":"","background-media":"","overlay-type":"","overlay-color":"","overlay-opacity":"","overlay-gradient":""},"tablet":{"background-color":"var(--ast-global-color-5)","background-image":"","background-repeat":"repeat","background-position":"center center","background-size":"auto","background-attachment":"scroll","background-type":"","background-media":"","overlay-type":"","overlay-color":"","overlay-opacity":"","overlay-gradient":""},"mobile":{"background-color":"var(--ast-global-color-5)","background-image":"","background-repeat":"repeat","background-position":"center center","background-size":"auto","background-attachment":"scroll","background-type":"","background-media":"","overlay-type":"","overlay-color":"","overlay-opacity":"","overlay-gradient":""}},"footnotes":""},"class_list":["post-18","page","type-page","status-publish","hentry"],"aioseo_notices":[],"_links":{"self":[{"href":"https:\/\/fyziovanova.cz\/index.php\/wp-json\/wp\/v2\/pages\/18","targetHints":{"allow":["GET"]}}],"collection":[{"href":"https:\/\/fyziovanova.cz\/index.php\/wp-json\/wp\/v2\/pages"}],"about":[{"href":"https:\/\/fyziovanova.cz\/index.php\/wp-json\/wp\/v2\/types\/page"}],"author":[{"embeddable":true,"href":"https:\/\/fyziovanova.cz\/index.php\/wp-json\/wp\/v2\/users\/1"}],"replies":[{"embeddable":true,"href":"https:\/\/fyziovanova.cz\/index.php\/wp-json\/wp\/v2\/comments?post=18"}],"version-history":[{"count":46,"href":"https:\/\/fyziovanova.cz\/index.php\/wp-json\/wp\/v2\/pages\/18\/revisions"}],"predecessor-version":[{"id":164,"href":"https:\/\/fyziovanova.cz\/index.php\/wp-json\/wp\/v2\/pages\/18\/revisions\/164"}],"wp:attachment":[{"href":"https:\/\/fyziovanova.cz\/index.php\/wp-json\/wp\/v2\/media?parent=18"}],"curies":[{"name":"wp","href":"https:\/\/api.w.org\/{rel}","templated":true}]}}