{"id":12,"date":"2024-11-02T21:08:03","date_gmt":"2024-11-02T21:08:03","guid":{"rendered":"https:\/\/fyziovanova.cz\/?page_id=12"},"modified":"2025-09-15T13:26:04","modified_gmt":"2025-09-15T13:26:04","slug":"o-mne","status":"publish","type":"page","link":"https:\/\/fyziovanova.cz\/index.php\/o-mne\/","title":{"rendered":"O mn\u011b"},"content":{"rendered":"\t\t<div data-elementor-type=\"wp-page\" data-elementor-id=\"12\" class=\"elementor elementor-12\">\n\t\t\t\t<div class=\"elementor-element elementor-element-876f53f e-flex e-con-boxed e-con e-parent\" data-id=\"876f53f\" data-element_type=\"container\" data-e-type=\"container\">\n\t\t\t\t\t<div class=\"e-con-inner\">\n\t\t\t\t<div class=\"elementor-element elementor-element-1bdfebb elementor-widget elementor-widget-text-editor\" data-id=\"1bdfebb\" data-element_type=\"widget\" data-e-type=\"widget\" data-widget_type=\"text-editor.default\">\n\t\t\t\t<div class=\"elementor-widget-container\">\n\t\t\t\t\t\t\t\t\t<h5><strong>\u00a0O MN\u011a<\/strong><\/h5><p>Mgr. Petra V\u00e1\u0148ov\u00e1<\/p><p>\u25ba 2001 \u2013 2007 studium bakal\u00e1\u0159sk\u00e9ho a navazuj\u00edc\u00edho magistersk\u00e9ho studia Fyzioterapie na Univerzit\u011b Karlov\u011b v Praze<br \/>\u25ba od roku 2005 \u2013 dosud ambulantn\u00ed i nemocni\u010dn\u00ed praxe nap\u0159. Klinika Malvazinky Praha, Centrum pohybov\u00e9 medic\u00edny Pavla Kol\u00e1\u0159e, KFSH Jeddah, Fyziocentrum Pardubice<br \/>\u25ba\u00a0\u010dlen Unie fyzioterapeut\u016f<\/p><p>\u25ba\u00a0dal\u0161\u00ed kontinu\u00e1ln\u00ed vzd\u011bl\u00e1v\u00e1n\u00ed v oboru \u2013 \u00fa\u010dast na odborn\u00fdch kurzech a workshopech:<br \/>\u2022 Diagnostika a terapie funk\u010dn\u00edch poruch pohybov\u00e9ho apar\u00e1tu, Mgr. Hanu\u0161ov\u00e1, 2021<br \/>\u2022 \u00a0Certifikovan\u00fd kurz MZ Manu\u00e1ln\u00ed lymfodren\u00e1\u017e, Mgr. Tou\u0161kov\u00e1, 2022<br \/>\u2022 \u00a0Akr\u00e1ln\u00ed koaktiva\u010dn\u00ed terapie, ACT centrum, 2022<br \/>\u2022 \u00a0D\u011btsk\u00e1 noha, Mgr. Kristkov\u00e1, 2024<br \/>\u2022 \u00a0Podoskop, Mgr. Kristkov\u00e1, 2023<br \/>\u2022 \u00a0Dech a dr\u017een\u00ed t\u011bla, PhDr. Pallov\u00e1, Ph. D. 2022<br \/>\u2022 \u00a0Diagnostika a terapie funkce nohy z pohledu v\u00fdvojov\u00e9 kineziologie, Mgr. Kinclov\u00e1, 2023<br \/>\u2022 \u00a0Diagnostika a terapie funkce d\u011btsk\u00e9 nohy z pohledu v\u00fdvojov\u00e9 kineziologie, Mgr. Kinclov\u00e1, 2023<br \/>\u2022 \u00a0Mobilizace v kontextu svalov\u00fdch \u0159et\u011bzc\u016f, Bitnar 2024<br \/>\u2022 \u00a0Z\u00e1klady reflexn\u00ed terapie se zam\u011b\u0159en\u00edm na lymfatick\u00fd syst\u00e9m, Mgr. Nebesk\u00e1, 2024<br \/>\u2022 \u00a0Rehabilita\u010dn\u00ed l\u00e9\u010dba n\u011bkter\u00fdch druh\u016f funk\u010dn\u00ed \u017eensk\u00e9 sterility metodou L. Moj\u017e\u00ed\u0161ov\u00e9, \u010d\u00e1st A, Mgr. Jedli\u010dkov\u00e1, 2024<\/p><p>\u00a0<\/p><p>Na fyzioterapii m\u011b bav\u00ed nejv\u00edc rozmanitost obt\u00ed\u017e\u00ed, se kter\u00fdmi klienti p\u0159ich\u00e1z\u00ed a mo\u017enost b\u00e1dat po p\u0159\u00ed\u010din\u011b probl\u00e9mu a pod\u00edlet se na jeho zlep\u0161en\u00ed.<br \/>Lewit \u201eTen, kdo l\u00e9\u010d\u00ed jen v m\u00edst\u011b bolesti, je ztracen!\u201c<\/p><p><img decoding=\"async\" style=\"color: var( --e-global-color-text ); font-family: var( --e-global-typography-text-font-family ), Sans-serif; font-weight: var( --e-global-typography-text-font-weight ); text-align: var(--text-align); background-color: var(--ast-global-color-5); font-size: 1rem;\" src=\"https:\/\/st2.depositphotos.com\/4111473\/6991\/v\/450\/depositphotos_69916471-stock-illustration-certificate-template.jpg\" alt=\"\u0160ablona certifik\u00e1tu Stock vektory, Royalty Free \u0160ablona certifik\u00e1tu Ilustrace | Depositphotos\" \/><\/p>\t\t\t\t\t\t\t\t<\/div>\n\t\t\t\t<\/div>\n\t\t\t\t\t<\/div>\n\t\t\t\t<\/div>\n\t\t\t\t<\/div>\n\t\t","protected":false},"excerpt":{"rendered":"<p>\u00a0O MN\u011a Mgr. Petra V\u00e1\u0148ov\u00e1 \u25ba 2001 \u2013 2007 studium bakal\u00e1\u0159sk\u00e9ho a navazuj\u00edc\u00edho magistersk\u00e9ho studia Fyzioterapie na Univerzit\u011b Karlov\u011b v [&hellip;]<\/p>\n","protected":false},"author":1,"featured_media":0,"parent":0,"menu_order":0,"comment_status":"closed","ping_status":"closed","template":"","meta":{"om_disable_all_campaigns":false,"_monsterinsights_skip_tracking":false,"_monsterinsights_sitenote_active":false,"_monsterinsights_sitenote_note":"","_monsterinsights_sitenote_category":0,"site-sidebar-layout":"no-sidebar","site-content-layout":"","ast-site-content-layout":"full-width-container","site-content-style":"default","site-sidebar-style":"default","ast-global-header-display":"","ast-banner-title-visibility":"","ast-main-header-display":"","ast-hfb-above-header-display":"","ast-hfb-below-header-display":"","ast-hfb-mobile-header-display":"","site-post-title":"disabled","ast-breadcrumbs-content":"","ast-featured-img":"disabled","footer-sml-layout":"","ast-disable-related-posts":"","theme-transparent-header-meta":"","adv-header-id-meta":"","stick-header-meta":"","header-above-stick-meta":"","header-main-stick-meta":"","header-below-stick-meta":"","astra-migrate-meta-layouts":"default","ast-page-background-enabled":"default","ast-page-background-meta":{"desktop":{"background-color":"var(--ast-global-color-4)","background-image":"","background-repeat":"repeat","background-position":"center center","background-size":"auto","background-attachment":"scroll","background-type":"","background-media":"","overlay-type":"","overlay-color":"","overlay-opacity":"","overlay-gradient":""},"tablet":{"background-color":"","background-image":"","background-repeat":"repeat","background-position":"center center","background-size":"auto","background-attachment":"scroll","background-type":"","background-media":"","overlay-type":"","overlay-color":"","overlay-opacity":"","overlay-gradient":""},"mobile":{"background-color":"","background-image":"","background-repeat":"repeat","background-position":"center center","background-size":"auto","background-attachment":"scroll","background-type":"","background-media":"","overlay-type":"","overlay-color":"","overlay-opacity":"","overlay-gradient":""}},"ast-content-background-meta":{"desktop":{"background-color":"var(--ast-global-color-5)","background-image":"","background-repeat":"repeat","background-position":"center center","background-size":"auto","background-attachment":"scroll","background-type":"","background-media":"","overlay-type":"","overlay-color":"","overlay-opacity":"","overlay-gradient":""},"tablet":{"background-color":"var(--ast-global-color-5)","background-image":"","background-repeat":"repeat","background-position":"center center","background-size":"auto","background-attachment":"scroll","background-type":"","background-media":"","overlay-type":"","overlay-color":"","overlay-opacity":"","overlay-gradient":""},"mobile":{"background-color":"var(--ast-global-color-5)","background-image":"","background-repeat":"repeat","background-position":"center center","background-size":"auto","background-attachment":"scroll","background-type":"","background-media":"","overlay-type":"","overlay-color":"","overlay-opacity":"","overlay-gradient":""}},"footnotes":""},"class_list":["post-12","page","type-page","status-publish","hentry"],"aioseo_notices":[],"_links":{"self":[{"href":"https:\/\/fyziovanova.cz\/index.php\/wp-json\/wp\/v2\/pages\/12","targetHints":{"allow":["GET"]}}],"collection":[{"href":"https:\/\/fyziovanova.cz\/index.php\/wp-json\/wp\/v2\/pages"}],"about":[{"href":"https:\/\/fyziovanova.cz\/index.php\/wp-json\/wp\/v2\/types\/page"}],"author":[{"embeddable":true,"href":"https:\/\/fyziovanova.cz\/index.php\/wp-json\/wp\/v2\/users\/1"}],"replies":[{"embeddable":true,"href":"https:\/\/fyziovanova.cz\/index.php\/wp-json\/wp\/v2\/comments?post=12"}],"version-history":[{"count":7,"href":"https:\/\/fyziovanova.cz\/index.php\/wp-json\/wp\/v2\/pages\/12\/revisions"}],"predecessor-version":[{"id":168,"href":"https:\/\/fyziovanova.cz\/index.php\/wp-json\/wp\/v2\/pages\/12\/revisions\/168"}],"wp:attachment":[{"href":"https:\/\/fyziovanova.cz\/index.php\/wp-json\/wp\/v2\/media?parent=12"}],"curies":[{"name":"wp","href":"https:\/\/api.w.org\/{rel}","templated":true}]}}